{"id":924,"date":"2026-01-06T20:57:07","date_gmt":"2026-01-06T20:57:07","guid":{"rendered":"https:\/\/fndtogether.com\/?page_id=924"},"modified":"2026-01-06T21:02:37","modified_gmt":"2026-01-06T21:02:37","slug":"final-message-home","status":"publish","type":"page","link":"https:\/\/fndtogether.com\/en\/","title":{"rendered":""},"content":{"rendered":"\n<div class=\"wp-block-columns is-layout-flex wp-container-core-columns-is-layout-9d6595d7 wp-block-columns-is-layout-flex\">\n<div class=\"wp-block-column is-layout-flow wp-block-column-is-layout-flow\">\n<p class=\"\"><strong>Dear Supporters, community, and friends,<\/strong><\/p>\n\n\n\n<p class=\"\">After 5 years of service, it is with deep gratitude and a heavy heart that we announce the closure of&nbsp;<strong>FND Together<\/strong>, effective September 1, 2025. This decision was not made lightly. Despite our unwavering commitment to our mission which is&nbsp;<strong>\u201cto improve the quality of life of individuals diagnosed with FND and their family\u201c<\/strong>, ongoing financial and operational challenges have made it increasingly difficult to sustain our work. After careful evaluation, the board of directors has determined that closing is the most responsible path forward.<\/p>\n\n\n\n<p class=\"\">Whether you\u2019ve been with us for years or joined recently, your time, care, and energy have made a real impact. Your efforts helped us reach so many people in need \u2014 and for that, we are deeply grateful. We will always appreciate how much your support has meant to us and to the FND community.<\/p>\n\n\n\n<p class=\"\">We are incredibly proud of what we\u2019ve achieved together. Thanks to your generous support, we have served the FND community. None of this would have been possible without the kindness, dedication, and belief you\u2019ve shown in our cause.<\/p>\n\n\n\n<p class=\"\">In the coming weeks, we will be finalizing all outstanding responsibilities and ensuring a smooth and ethical wind-down of our programs. Any remaining resources will be distributed in accordance with our bylaws and nonprofit regulations.<\/p>\n\n\n\n<ol class=\"wp-block-list\">\n<li class=\"\"><em>To promote health by providing individuals with a functional neurological disorder (FND), and their families with access to related information and group support services, and by covering medical expenses to accommodate individuals living with FND.<\/em><\/li>\n\n\n\n<li class=\"\"><em>To educate the public and raise awareness about FND by providing seminars and by collecting and disseminating information on that topic.<\/em><\/li>\n\n\n\n<li class=\"\"><em>To receive and maintain a fund or funds and apply all or part of the principal and income therefrom, from time to time, to qualified donees operating for the purposes related to the cause of FND.<\/em><\/li>\n<\/ol>\n\n\n\n<p class=\"\">From the bottom of our hearts, thank you for being part of this journey. Your support has made a real and lasting difference.<\/p>\n\n\n\n<p class=\"\">With gratitude,<br><strong>Kosta Parthimos, Director<\/strong><br><strong>FND Together \/ TNF Ensemble<\/strong><\/p>\n\n\n\n<p class=\"\"><em>If you have questions, would like to discuss your past involvement, or are seeking ways to continue supporting similar work, please don\u2019t hesitate to contact us at: kp@fndtogether.com<\/em><\/p>\n<\/div>\n\n\n\n<div class=\"wp-block-column is-layout-flow wp-block-column-is-layout-flow\">\n<p class=\"\"><strong>Chers Soutiens, Membres de la communaut\u00e9 et Amis,<\/strong><\/p>\n\n\n\n<p class=\"\">Apr\u00e8s cinq ann\u00e9es de service, c\u2019est avec une profonde reconnaissance et un grand regret que nous vous annon\u00e7ons la fermeture de&nbsp;<strong>TNF Ensemble<\/strong>, \u00e0 compter du 1<sup>er<\/sup>&nbsp;septembre 2025. Cette d\u00e9cision n\u2019a pas \u00e9t\u00e9 prise \u00e0 la l\u00e9g\u00e8re. Malgr\u00e9 notre engagement ind\u00e9fectible envers notre mission \u2014&nbsp;<strong>\u00ab am\u00e9liorer la qualit\u00e9 de vie des personnes diagnostiqu\u00e9es avec un trouble neurologique fonctionnel (TNF) ainsi que celle de leur famille \u00bb<\/strong>&nbsp;\u2014, les contraintes financi\u00e8res et op\u00e9rationnelles r\u00e9currentes rendent d\u00e9sormais impossible la poursuite durable de nos activit\u00e9s. Apr\u00e8s un examen rigoureux, le conseil d\u2019administration a jug\u00e9 que la cessation de nos op\u00e9rations constituait la d\u00e9cision la plus responsable.<\/p>\n\n\n\n<p class=\"\">Que vous nous accompagniez depuis plusieurs ann\u00e9es ou que vous ayez rejoint notre organisation r\u00e9cemment, votre temps, vos efforts et votre engagement ont eu un impact concret et significatif. Gr\u00e2ce \u00e0 votre soutien, nous avons pu rejoindre et soutenir de nombreuses personnes confront\u00e9es au TNF, et nous vous en exprimons toute notre gratitude.<\/p>\n\n\n\n<p class=\"\">Nous demeurons fiers des r\u00e9alisations accomplies collectivement. Votre g\u00e9n\u00e9rosit\u00e9 et votre confiance ont permis de servir la communaut\u00e9 TNF et de d\u00e9fendre sa cause. Rien de cela n\u2019aurait \u00e9t\u00e9 possible sans votre bienveillance, votre d\u00e9vouement et la confiance que vous nous avez accord\u00e9e.<\/p>\n\n\n\n<p class=\"\">Dans les semaines \u00e0 venir, nous proc\u00e9derons \u00e0 la cl\u00f4ture de nos engagements en suspens et veillerons \u00e0 un processus de dissolution ordonn\u00e9, conforme \u00e0 l\u2019\u00e9thique et \u00e0 la r\u00e9glementation applicable aux organismes sans but lucratif. Les ressources restantes seront distribu\u00e9es en stricte conformit\u00e9 avec nos statuts et la l\u00e9gislation en vigueur.<\/p>\n\n\n\n<p class=\"\"><em><strong>Nos objets statutaires \u00e9taient les suivants :<\/strong><\/em><\/p>\n\n\n\n<ol class=\"wp-block-list\">\n<li class=\"\"><em>Promouvoir la sant\u00e9 en offrant aux personnes atteintes d\u2019un trouble neurologique fonctionnel (TNF) et \u00e0 leurs familles l\u2019acc\u00e8s \u00e0 des informations pertinentes et \u00e0 des services de soutien collectif, ainsi qu\u2019en contribuant aux frais m\u00e9dicaux visant \u00e0 am\u00e9liorer leur qualit\u00e9 de vie.<\/em><\/li>\n\n\n\n<li class=\"\"><em>Sensibiliser le public et renforcer la connaissance du TNF en organisant des s\u00e9minaires et en recueillant et diffusant de l\u2019information \u00e0 ce sujet.<\/em><\/li>\n\n\n\n<li class=\"\"><em>Constituer et g\u00e9rer un ou plusieurs fonds, et affecter tout ou partie du capital et des revenus, de temps \u00e0 autre, \u00e0 des donataires reconnus, \u0153uvrant pour des objectifs li\u00e9s \u00e0 la cause du TNF.<\/em><\/li>\n<\/ol>\n\n\n\n<p class=\"\">Nous vous remercions tr\u00e8s sinc\u00e8rement d\u2019avoir pris part \u00e0 ce cheminement. Votre soutien a produit un impact r\u00e9el et durable, tant pour notre organisation que pour la communaut\u00e9 TNF.<\/p>\n\n\n\n<p class=\"\">Avec toute notre reconnaissance,<br><strong>Kosta Parthimos, Directeur<\/strong><br><strong>FND Together \/ TNF Ensemble<\/strong><\/p>\n\n\n\n<p class=\"\"><em>Pour toute question, pour discuter de votre implication pass\u00e9e ou pour explorer des fa\u00e7ons de continuer \u00e0 soutenir une cause similaire, nous vous invitons \u00e0 communiquer avec nous \u00e0 kp@fndtogether.com<\/em><\/p>\n<\/div>\n<\/div>\n","protected":false},"excerpt":{"rendered":"<p>Dear Supporters, community, and friends, After 5 years of service, it is with deep gratitude and a heavy heart that we announce the closure of&nbsp;FND [&hellip;]<\/p>\n","protected":false},"author":1,"featured_media":0,"parent":0,"menu_order":0,"comment_status":"closed","ping_status":"closed","template":"","meta":{"nf_dc_page":"","footnotes":""},"class_list":["post-924","page","type-page","status-publish","hentry"],"wpmagazine_modules_lite_featured_media_urls":{"thumbnail":"","cvmm-medium":"","cvmm-medium-plus":"","cvmm-portrait":"","cvmm-medium-square":"","cvmm-large":"","cvmm-small":"","full":""},"categories_names":null,"comments_number":"0","_links":{"self":[{"href":"https:\/\/fndtogether.com\/en\/wp-json\/wp\/v2\/pages\/924","targetHints":{"allow":["GET"]}}],"collection":[{"href":"https:\/\/fndtogether.com\/en\/wp-json\/wp\/v2\/pages"}],"about":[{"href":"https:\/\/fndtogether.com\/en\/wp-json\/wp\/v2\/types\/page"}],"author":[{"embeddable":true,"href":"https:\/\/fndtogether.com\/en\/wp-json\/wp\/v2\/users\/1"}],"replies":[{"embeddable":true,"href":"https:\/\/fndtogether.com\/en\/wp-json\/wp\/v2\/comments?post=924"}],"version-history":[{"count":2,"href":"https:\/\/fndtogether.com\/en\/wp-json\/wp\/v2\/pages\/924\/revisions"}],"predecessor-version":[{"id":926,"href":"https:\/\/fndtogether.com\/en\/wp-json\/wp\/v2\/pages\/924\/revisions\/926"}],"wp:attachment":[{"href":"https:\/\/fndtogether.com\/en\/wp-json\/wp\/v2\/media?parent=924"}],"curies":[{"name":"wp","href":"https:\/\/api.w.org\/{rel}","templated":true}]}}